{"id":229,"date":"2023-04-14T13:24:18","date_gmt":"2023-04-14T13:24:18","guid":{"rendered":"https:\/\/forskning.eu\/?page_id=229"},"modified":"2024-01-26T07:05:59","modified_gmt":"2024-01-26T07:05:59","slug":"projekt-arkiv","status":"publish","type":"page","link":"https:\/\/forskning.eu\/en\/projekt-arkiv\/","title":{"rendered":"Project archive"},"content":{"rendered":"<link rel=\"stylesheet\" type=\"text\/css\" href=\"https:\/\/forskning.eu\/wp-content\/themes\/oak-theme\/dist\/template-parts\/blocks\/hero-page\/hero-page.css\">\n\t<section class=\"block block--hero-page spacing--little\">\n\t\t<div  class=\"hero-page\">\n\t\t\t\t\t<div class=\"grid\">\n\t\t<div class=\"col-lg-8 col-xl-6\">\n\t\t\t<div class=\"hero-page__container no-bg\">\n\t\t\t\t<h1 class=\"hero-page__title\">\n\t\t\t\t\tPrevious and completed projects\n\t\t\t\t<\/h1>\n\t\t\t\t\t\t\t\t\t<p class=\"hero-page__excerpt\">\n\t\t\t\t\t\tOn this page you will find an overview of the Research Unit&#8217;s previous projects. We follow all projects throughout their entire lifespan and continuously support with several services to ensure that the project achieves its goals\n\t\t\t\t\t<\/p>\n\t\t\t\t\t\t\t\t\t\t\t<\/div>\n\t\t<\/div>\n\t<\/div>\n\t\t<\/div>\n\t<\/section>\n\n\n<link rel=\"stylesheet\" type=\"text\/css\" href=\"https:\/\/forskning.eu\/wp-content\/themes\/oak-theme\/dist\/template-parts\/blocks\/project-archive\/project-archive.css\">\n\t<section class=\"block block--project-archive spacing--large\">\n\t\t<div  class=\"project-archive\">\n\t\t\t\t\t\t\t<div class=\"grid \">\n\t\t\t\t\t\t<template id=\"projects-archive__project-template\">\n\t\t<a href=\"\" class=\"project-archive__project\">\n\t\t\t<div class=\"project__thumbnail\">\n\t\t\t\t<img decoding=\"async\" src=\"\" alt=\"\" \/>\n\t\t\t\t<div class=\"project__backdrop\">\n\t\t\t\t\t<span class=\"project__tag\">\n\t\t\t\t\t\tRead more\n\t\t\t\t\t<\/span>\n\t\t\t\t<\/div>\n\t\t\t<\/div>\n\n\t\t\t<div class=\"project__container\">\n\t\t\t\t<span class=\"heading-4 project__title\"><\/span>\n\t\t\t\t<span class=\"project__end\"><\/span>\n\t\t\t\t<p class=\"project__excerpt\"><\/p>\n\t\t\t<\/div>\n\t\t<\/a>\n\t<\/template>\n\n\t<div class=\"col-12\">\n\t\t<div class=\"project-archive__options\">\n\t\t\t\t\t\t\t<div class=\"project-archive__wrapper project-archive__wrapper--filter\">\n\t\t\t\t\t<label for=\"project-archive__filter\">\n\t\t\t\t\t\tProject Type\n\t\t\t\t\t<\/label>\n\t\t\t\t\t<div class=\"select-wrapper\">\n\t\t\t\t\t\t<select name=\"project-archive__filter\"\n\t\t\t\t\t\t\tid=\"project-archive__filter\">\n\t\t\t\t\t\t\t<option value=\"11\">\n\t\t\t\t\t\t\t\tAll\n\t\t\t\t\t\t\t<\/option>\n\t\t\t\t\t\t\t\t\t\t\t\t\t\t\t<option value=\"11\">\n\t\t\t\t\t\t\t\t\tArkiverede Projekter\n\t\t\t\t\t\t\t\t<\/option>\n\t\t\t\t\t\t\t\t\t\t\t\t\t<\/select>\n\t\t\t\t\t\t<i class=\"chevron\"><svg width=\"24\" height=\"24\" viewBox=\"0 0 24 24\" fill=\"none\" xmlns=\"http:\/\/www.w3.org\/2000\/svg\">\n<path d=\"M19 9L12 16L5 9\" stroke=\"currentColor\" stroke-width=\"2\" stroke-linecap=\"round\" stroke-linejoin=\"round\"\/>\n<\/svg>\n<\/i>\n\t\t\t\t\t<\/div>\n\t\t\t\t<\/div>\n\t\t\t\n\t\t\t<div class=\"project-archive__wrapper project-archive__wrapper--sort\">\n\t\t\t\t<label for=\"project-archive__sort\">\n\t\t\t\t\tSort\n\t\t\t\t<\/label>\n\t\t\t\t<div class=\"select-wrapper\">\n\t\t\t\t\t<select name=\"project-archive__sort\"\n\t\t\t\t\t\tid=\"project-archive__sort\">\n\t\t\t\t\t\t<option value=\"date|DESC\">\n\t\t\t\t\t\t\tNewest first\n\t\t\t\t\t\t<\/option>\n\t\t\t\t\t\t<option value=\"date|ASC\">\n\t\t\t\t\t\t\tOldest first\n\t\t\t\t\t\t<\/option>\n\t\t\t\t\t\t<option value=\"title|ASC\">\n\t\t\t\t\t\t\tAlphabetical\n\t\t\t\t\t\t<\/option>\n\t\t\t\t\t<\/select>\n\t\t\t\t\t<i class=\"chevron\"><svg width=\"24\" height=\"24\" viewBox=\"0 0 24 24\" fill=\"none\" xmlns=\"http:\/\/www.w3.org\/2000\/svg\">\n<path d=\"M19 9L12 16L5 9\" stroke=\"currentColor\" stroke-width=\"2\" stroke-linecap=\"round\" stroke-linejoin=\"round\"\/>\n<\/svg>\n<\/i>\n\t\t\t\t<\/div>\n\t\t\t<\/div>\n\t\t<\/div>\n\t<\/div>\n\n\t<div class=\"col-12\">\n\t\t<div class=\"project-archive__projects\"\n\t\t\tdata-project-ids=\"11\"\n\t\t\tdata-project-sort=\"date|DESC\"\n\t\t\tdata-current-page=\"1\"\n\t\t\tdata-max-pages=\"2\"\n\t\t\tdata-selection-type=\"categorically\">\n\t\t\t\t\t\t\t<a href=\"https:\/\/forskning.eu\/en\/projects\/the-good-prescriber\/\" class=\"project-archive__project\">\n\t\t\t\t\t<div class=\"project__thumbnail\">\n\t\t\t\t\t\t<img decoding=\"async\" src=\"https:\/\/forskning.eu\/wp-content\/themes\/oak-theme\/assets\/images\/placeholder.png\" data-src=\"https:\/\/forskning.eu\/wp-content\/uploads\/2023\/12\/TGP_231110_Soro_Grouppicture_dike_web-300x187.jpg\" data-srcset=\"https:\/\/forskning.eu\/wp-content\/uploads\/2023\/12\/TGP_231110_Soro_Grouppicture_dike_web-300x187.jpg 300w, https:\/\/forskning.eu\/wp-content\/uploads\/2023\/12\/TGP_231110_Soro_Grouppicture_dike_web-1024x638.jpg 1024w, https:\/\/forskning.eu\/wp-content\/uploads\/2023\/12\/TGP_231110_Soro_Grouppicture_dike_web-768x479.jpg 768w, https:\/\/forskning.eu\/wp-content\/uploads\/2023\/12\/TGP_231110_Soro_Grouppicture_dike_web-1536x958.jpg 1536w, https:\/\/forskning.eu\/wp-content\/uploads\/2023\/12\/TGP_231110_Soro_Grouppicture_dike_web.jpg 1904w\" sizes=\"(max-width: 100vw) 350px, 350px\" data-loading=\"lazy\" alt=\"\"\n\t\t\t\t\t\t\talt=\"\" \/>\n\t\t\t\t\t\t<div class=\"project__backdrop\">\n\t\t\t\t\t\t\t<span class=\"project__tag\">\n\t\t\t\t\t\t\t\tRead more\n\t\t\t\t\t\t\t<\/span>\n\t\t\t\t\t\t<\/div>\n\t\t\t\t\t<\/div>\n\n\t\t\t\t\t<div class=\"project__container\">\n\t\t\t\t\t\t<span class=\"heading-4 project__title\">\n\t\t\t\t\t\t\tThe Good Prescriber\n\t\t\t\t\t\t<\/span>\n\t\t\t\t\t\t\t\t\t\t\t\t<p class=\"project__excerpt\">\n\t\t\t\t\t\t\tInterreg-projektet &#8220;The Good Prescriber&#8221; har til form\u00e5l at udvikle et digitalt v\u00e6rkt\u00f8j, der underst\u00f8&#8230;\n\t\t\t\t\t\t<\/p>\n\t\t\t\t\t<\/div>\n\t\t\t\t<\/a>\n\t\t\t\t\t\t\t<a href=\"https:\/\/forskning.eu\/en\/projects\/ai-solution-for-use-in-cancer-surgery\/\" class=\"project-archive__project\">\n\t\t\t\t\t<div class=\"project__thumbnail\">\n\t\t\t\t\t\t<img decoding=\"async\" src=\"https:\/\/forskning.eu\/wp-content\/themes\/oak-theme\/assets\/images\/placeholder.png\" data-src=\"https:\/\/forskning.eu\/wp-content\/uploads\/2023\/05\/Kirurgi-300x169.png\" data-srcset=\"https:\/\/forskning.eu\/wp-content\/uploads\/2023\/05\/Kirurgi-300x169.png 300w, https:\/\/forskning.eu\/wp-content\/uploads\/2023\/05\/Kirurgi.png 709w\" sizes=\"(max-width: 100vw) 350px, 350px\" data-loading=\"lazy\" alt=\"\"\n\t\t\t\t\t\t\talt=\"\" \/>\n\t\t\t\t\t\t<div class=\"project__backdrop\">\n\t\t\t\t\t\t\t<span class=\"project__tag\">\n\t\t\t\t\t\t\t\tRead more\n\t\t\t\t\t\t\t<\/span>\n\t\t\t\t\t\t<\/div>\n\t\t\t\t\t<\/div>\n\n\t\t\t\t\t<div class=\"project__container\">\n\t\t\t\t\t\t<span class=\"heading-4 project__title\">\n\t\t\t\t\t\t\tAI solution for use in cancer surgery\n\t\t\t\t\t\t<\/span>\n\t\t\t\t\t\t\t\t\t\t\t\t\t<span class=\"project__end\">Afsluttet september 2022<\/span>\n\t\t\t\t\t\t\t\t\t\t\t\t<p class=\"project__excerpt\">\n\t\t\t\t\t\t\tComplications following bowel cancer surgery are common and can lead to lasting impairments and, in &#8230;\n\t\t\t\t\t\t<\/p>\n\t\t\t\t\t<\/div>\n\t\t\t\t<\/a>\n\t\t\t\t\t\t\t<a href=\"https:\/\/forskning.eu\/en\/projects\/menieres-disease\/\" class=\"project-archive__project\">\n\t\t\t\t\t<div class=\"project__thumbnail\">\n\t\t\t\t\t\t<img decoding=\"async\" src=\"https:\/\/forskning.eu\/wp-content\/themes\/oak-theme\/assets\/images\/placeholder.png\" data-src=\"https:\/\/forskning.eu\/wp-content\/uploads\/2023\/05\/Meniere-300x169.png\" data-srcset=\"https:\/\/forskning.eu\/wp-content\/uploads\/2023\/05\/Meniere-300x169.png 300w, https:\/\/forskning.eu\/wp-content\/uploads\/2023\/05\/Meniere.png 709w\" sizes=\"(max-width: 100vw) 350px, 350px\" data-loading=\"lazy\" alt=\"\"\n\t\t\t\t\t\t\talt=\"\" \/>\n\t\t\t\t\t\t<div class=\"project__backdrop\">\n\t\t\t\t\t\t\t<span class=\"project__tag\">\n\t\t\t\t\t\t\t\tRead more\n\t\t\t\t\t\t\t<\/span>\n\t\t\t\t\t\t<\/div>\n\t\t\t\t\t<\/div>\n\n\t\t\t\t\t<div class=\"project__container\">\n\t\t\t\t\t\t<span class=\"heading-4 project__title\">\n\t\t\t\t\t\t\tMeniere&#8217;s disease\n\t\t\t\t\t\t<\/span>\n\t\t\t\t\t\t\t\t\t\t\t\t\t<span class=\"project__end\">Afsluttet september 2022<\/span>\n\t\t\t\t\t\t\t\t\t\t\t\t<p class=\"project__excerpt\">\n\t\t\t\t\t\t\tPeople with M\u00e9ni\u00e8re&#8217;s disease suffer from sudden attacks of dizziness. The symptoms are debilitating&#8230;\n\t\t\t\t\t\t<\/p>\n\t\t\t\t\t<\/div>\n\t\t\t\t<\/a>\n\t\t\t\t\t\t\t<a href=\"https:\/\/forskning.eu\/en\/projects\/vr-virtual-reality-for-local-anesthetic-surgery\/\" class=\"project-archive__project\">\n\t\t\t\t\t<div class=\"project__thumbnail\">\n\t\t\t\t\t\t<img decoding=\"async\" src=\"https:\/\/forskning.eu\/wp-content\/themes\/oak-theme\/assets\/images\/placeholder.png\" data-src=\"https:\/\/forskning.eu\/wp-content\/uploads\/2023\/05\/AdobeStock_474170319-300x234.jpeg\" data-srcset=\"https:\/\/forskning.eu\/wp-content\/uploads\/2023\/05\/AdobeStock_474170319-300x234.jpeg 300w, https:\/\/forskning.eu\/wp-content\/uploads\/2023\/05\/AdobeStock_474170319.jpeg 709w\" sizes=\"(max-width: 100vw) 350px, 350px\" data-loading=\"lazy\" alt=\"\"\n\t\t\t\t\t\t\talt=\"\" \/>\n\t\t\t\t\t\t<div class=\"project__backdrop\">\n\t\t\t\t\t\t\t<span class=\"project__tag\">\n\t\t\t\t\t\t\t\tRead more\n\t\t\t\t\t\t\t<\/span>\n\t\t\t\t\t\t<\/div>\n\t\t\t\t\t<\/div>\n\n\t\t\t\t\t<div class=\"project__container\">\n\t\t\t\t\t\t<span class=\"heading-4 project__title\">\n\t\t\t\t\t\t\tVR &#8211; Virtual Reality for local anesthetic surgery\n\t\t\t\t\t\t<\/span>\n\t\t\t\t\t\t\t\t\t\t\t\t\t<span class=\"project__end\">Afsluttet september 2022<\/span>\n\t\t\t\t\t\t\t\t\t\t\t\t<p class=\"project__excerpt\">\n\t\t\t\t\t\t\tThe project explores the possibilities for an innovative and harmless alternative to medication, usi&#8230;\n\t\t\t\t\t\t<\/p>\n\t\t\t\t\t<\/div>\n\t\t\t\t<\/a>\n\t\t\t\t\t\t\t<a href=\"https:\/\/forskning.eu\/en\/projects\/5g-emergency-medical-it-health-bridge\/\" class=\"project-archive__project\">\n\t\t\t\t\t<div class=\"project__thumbnail\">\n\t\t\t\t\t\t<img decoding=\"async\" src=\"https:\/\/forskning.eu\/wp-content\/themes\/oak-theme\/assets\/images\/placeholder.png\" data-src=\"https:\/\/forskning.eu\/wp-content\/uploads\/2023\/05\/5G-300x169.png\" data-srcset=\"https:\/\/forskning.eu\/wp-content\/uploads\/2023\/05\/5G-300x169.png 300w, https:\/\/forskning.eu\/wp-content\/uploads\/2023\/05\/5G.png 709w\" sizes=\"(max-width: 100vw) 350px, 350px\" data-loading=\"lazy\" alt=\"\"\n\t\t\t\t\t\t\talt=\"\" \/>\n\t\t\t\t\t\t<div class=\"project__backdrop\">\n\t\t\t\t\t\t\t<span class=\"project__tag\">\n\t\t\t\t\t\t\t\tRead more\n\t\t\t\t\t\t\t<\/span>\n\t\t\t\t\t\t<\/div>\n\t\t\t\t\t<\/div>\n\n\t\t\t\t\t<div class=\"project__container\">\n\t\t\t\t\t\t<span class=\"heading-4 project__title\">\n\t\t\t\t\t\t\t5G Emergency Medical IT Health Bridge\n\t\t\t\t\t\t<\/span>\n\t\t\t\t\t\t\t\t\t\t\t\t\t<span class=\"project__end\">Afsluttet september 2022<\/span>\n\t\t\t\t\t\t\t\t\t\t\t\t<p class=\"project__excerpt\">\n\t\t\t\t\t\t\tThe project explores the possibilities of upgrading teledata communication to send large amounts of &#8230;\n\t\t\t\t\t\t<\/p>\n\t\t\t\t\t<\/div>\n\t\t\t\t<\/a>\n\t\t\t\t\t\t\t<a href=\"https:\/\/forskning.eu\/en\/projects\/sleep-across-waters-health-and-sleep-apnea-across-borders\/\" class=\"project-archive__project\">\n\t\t\t\t\t<div class=\"project__thumbnail\">\n\t\t\t\t\t\t<img decoding=\"async\" src=\"https:\/\/forskning.eu\/wp-content\/themes\/oak-theme\/assets\/images\/placeholder.png\" data-src=\"https:\/\/forskning.eu\/wp-content\/uploads\/2023\/05\/SAW-300x169.jpg\" data-srcset=\"https:\/\/forskning.eu\/wp-content\/uploads\/2023\/05\/SAW-300x169.jpg 300w, https:\/\/forskning.eu\/wp-content\/uploads\/2023\/05\/SAW.jpg 709w\" sizes=\"(max-width: 100vw) 350px, 350px\" data-loading=\"lazy\" alt=\"\"\n\t\t\t\t\t\t\talt=\"\" \/>\n\t\t\t\t\t\t<div class=\"project__backdrop\">\n\t\t\t\t\t\t\t<span class=\"project__tag\">\n\t\t\t\t\t\t\t\tRead more\n\t\t\t\t\t\t\t<\/span>\n\t\t\t\t\t\t<\/div>\n\t\t\t\t\t<\/div>\n\n\t\t\t\t\t<div class=\"project__container\">\n\t\t\t\t\t\t<span class=\"heading-4 project__title\">\n\t\t\t\t\t\t\tSleep Across Waters &#8211; Health and sleep apnea across borders\n\t\t\t\t\t\t<\/span>\n\t\t\t\t\t\t\t\t\t\t\t\t\t<span class=\"project__end\">Afsluttet september 2022<\/span>\n\t\t\t\t\t\t\t\t\t\t\t\t<p class=\"project__excerpt\">\n\t\t\t\t\t\t\tCan the quality of life for citizens with sleep apnea be improved by also treating them for their ot&#8230;\n\t\t\t\t\t\t<\/p>\n\t\t\t\t\t<\/div>\n\t\t\t\t<\/a>\n\t\t\t\t\t\t\t<a href=\"https:\/\/forskning.eu\/en\/projects\/can-you-see-the-future\/\" class=\"project-archive__project\">\n\t\t\t\t\t<div class=\"project__thumbnail\">\n\t\t\t\t\t\t<img decoding=\"async\" src=\"https:\/\/forskning.eu\/wp-content\/themes\/oak-theme\/assets\/images\/placeholder.png\" data-src=\"https:\/\/forskning.eu\/wp-content\/uploads\/2023\/05\/AMD1-300x169.png\" data-srcset=\"https:\/\/forskning.eu\/wp-content\/uploads\/2023\/05\/AMD1-300x169.png 300w, https:\/\/forskning.eu\/wp-content\/uploads\/2023\/05\/AMD1.png 709w\" sizes=\"(max-width: 100vw) 350px, 350px\" data-loading=\"lazy\" alt=\"\"\n\t\t\t\t\t\t\talt=\"\" \/>\n\t\t\t\t\t\t<div class=\"project__backdrop\">\n\t\t\t\t\t\t\t<span class=\"project__tag\">\n\t\t\t\t\t\t\t\tRead more\n\t\t\t\t\t\t\t<\/span>\n\t\t\t\t\t\t<\/div>\n\t\t\t\t\t<\/div>\n\n\t\t\t\t\t<div class=\"project__container\">\n\t\t\t\t\t\t<span class=\"heading-4 project__title\">\n\t\t\t\t\t\t\tCan you see the future?\n\t\t\t\t\t\t<\/span>\n\t\t\t\t\t\t\t\t\t\t\t\t\t<span class=\"project__end\">Afsluttet september 2022<\/span>\n\t\t\t\t\t\t\t\t\t\t\t\t<p class=\"project__excerpt\">\n\t\t\t\t\t\t\tCan physical exercise be the means to preserve vision in people suffering from the incurable and deb&#8230;\n\t\t\t\t\t\t<\/p>\n\t\t\t\t\t<\/div>\n\t\t\t\t<\/a>\n\t\t\t\t\t\t\t<a href=\"https:\/\/forskning.eu\/en\/projects\/hospitalization-at-home\/\" class=\"project-archive__project\">\n\t\t\t\t\t<div class=\"project__thumbnail\">\n\t\t\t\t\t\t<img decoding=\"async\" src=\"https:\/\/forskning.eu\/wp-content\/themes\/oak-theme\/assets\/images\/placeholder.png\" data-src=\"https:\/\/forskning.eu\/wp-content\/uploads\/2023\/05\/Indlaeggelse-i-hjemmet-300x169.jpg\" data-srcset=\"https:\/\/forskning.eu\/wp-content\/uploads\/2023\/05\/Indlaeggelse-i-hjemmet-300x169.jpg 300w, https:\/\/forskning.eu\/wp-content\/uploads\/2023\/05\/Indlaeggelse-i-hjemmet.jpg 709w\" sizes=\"(max-width: 100vw) 350px, 350px\" data-loading=\"lazy\" alt=\"\"\n\t\t\t\t\t\t\talt=\"\" \/>\n\t\t\t\t\t\t<div class=\"project__backdrop\">\n\t\t\t\t\t\t\t<span class=\"project__tag\">\n\t\t\t\t\t\t\t\tRead more\n\t\t\t\t\t\t\t<\/span>\n\t\t\t\t\t\t<\/div>\n\t\t\t\t\t<\/div>\n\n\t\t\t\t\t<div class=\"project__container\">\n\t\t\t\t\t\t<span class=\"heading-4 project__title\">\n\t\t\t\t\t\t\tHospitalization at home\n\t\t\t\t\t\t<\/span>\n\t\t\t\t\t\t\t\t\t\t\t\t\t<span class=\"project__end\">Afsluttet september 2022<\/span>\n\t\t\t\t\t\t\t\t\t\t\t\t<p class=\"project__excerpt\">\n\t\t\t\t\t\t\tCan COVID-19 patients be hospitalized at home in a familiar environment where they can&#8217;t infect othe&#8230;\n\t\t\t\t\t\t<\/p>\n\t\t\t\t\t<\/div>\n\t\t\t\t<\/a>\n\t\t\t\t\t\t\t<a href=\"https:\/\/forskning.eu\/en\/projects\/mobile-stroke-unit\/\" class=\"project-archive__project\">\n\t\t\t\t\t<div class=\"project__thumbnail\">\n\t\t\t\t\t\t<img decoding=\"async\" src=\"https:\/\/forskning.eu\/wp-content\/themes\/oak-theme\/assets\/images\/placeholder.png\" data-src=\"https:\/\/forskning.eu\/wp-content\/uploads\/2023\/05\/RS-ikon-Scanning_RGB_sort-300x240.jpg\" data-srcset=\"https:\/\/forskning.eu\/wp-content\/uploads\/2023\/05\/RS-ikon-Scanning_RGB_sort-300x240.jpg 300w, https:\/\/forskning.eu\/wp-content\/uploads\/2023\/05\/RS-ikon-Scanning_RGB_sort-1024x819.jpg 1024w, https:\/\/forskning.eu\/wp-content\/uploads\/2023\/05\/RS-ikon-Scanning_RGB_sort-768x614.jpg 768w, https:\/\/forskning.eu\/wp-content\/uploads\/2023\/05\/RS-ikon-Scanning_RGB_sort-1536x1228.jpg 1536w, https:\/\/forskning.eu\/wp-content\/uploads\/2023\/05\/RS-ikon-Scanning_RGB_sort-500x400.jpg 500w, https:\/\/forskning.eu\/wp-content\/uploads\/2023\/05\/RS-ikon-Scanning_RGB_sort.jpg 1733w\" sizes=\"(max-width: 100vw) 350px, 350px\" data-loading=\"lazy\" alt=\"\"\n\t\t\t\t\t\t\talt=\"\" \/>\n\t\t\t\t\t\t<div class=\"project__backdrop\">\n\t\t\t\t\t\t\t<span class=\"project__tag\">\n\t\t\t\t\t\t\t\tRead more\n\t\t\t\t\t\t\t<\/span>\n\t\t\t\t\t\t<\/div>\n\t\t\t\t\t<\/div>\n\n\t\t\t\t\t<div class=\"project__container\">\n\t\t\t\t\t\t<span class=\"heading-4 project__title\">\n\t\t\t\t\t\t\tMobile Stroke Unit\n\t\t\t\t\t\t<\/span>\n\t\t\t\t\t\t\t\t\t\t\t\t\t<span class=\"project__end\">Afsluttet september 2021<\/span>\n\t\t\t\t\t\t\t\t\t\t\t\t<p class=\"project__excerpt\">\n\t\t\t\t\t\t\tStrokes happen unexpectedly and fast treatment is crucial for patient survival. Can the distance bet&#8230;\n\t\t\t\t\t\t<\/p>\n\t\t\t\t\t<\/div>\n\t\t\t\t<\/a>\n\t\t\t\t\t<\/div>\n\t<\/div>\n\t\t\t<div class=\"col-12\">\n\t\t\t<div class=\"project-archive__pagination\">\n\t\t\t\t<button class=\"project-archive__prev\" data-page=\"prev\" disabled>\n\t\t\t\t\t<svg width=\"73\" height=\"73\" viewBox=\"0 0 73 73\" fill=\"none\" xmlns=\"http:\/\/www.w3.org\/2000\/svg\">\n<path d=\"M53.5924 32.4964L45.223 24.127C45.223 24.127 45.223 24.127 45.223 24.1269C44.6325 23.5362 44.3008 22.7352 44.3008 21.9C44.3008 21.0647 44.6325 20.2636 45.223 19.6729C45.8137 19.0824 46.6148 18.7507 47.45 18.7507C48.2853 18.7507 49.0863 19.0825 49.677 19.673L64.2769 34.2729C64.277 34.2729 64.277 34.2729 64.277 34.273C64.8675 34.8637 65.1992 35.6647 65.1992 36.5C65.1992 37.3352 64.8675 38.1362 64.277 38.7269C64.277 38.727 64.277 38.727 64.2769 38.727L49.6802 53.3238C49.0864 53.8957 48.292 54.2121 47.4675 54.205C46.6415 54.1978 45.8515 53.8665 45.2675 53.2825C44.6834 52.6985 44.3521 51.9084 44.345 51.0825C44.3378 50.258 44.6542 49.4636 45.2261 48.8698L53.5924 40.5035L54.446 39.65H53.2389L10.95 39.65C10.1146 39.65 9.31334 39.3181 8.7226 38.7273C8.13186 38.1366 7.79999 37.3354 7.79999 36.5C7.79999 35.6645 8.13186 34.8633 8.7226 34.2726C9.31334 33.6818 10.1146 33.35 10.95 33.35L53.2389 33.35H54.446L53.5924 32.4964Z\" fill=\"currentColor\" stroke=\"currentColor\"\/>\n<\/svg>\n\n\t\t\t\t<\/button>\n\t\t\t\t\t\t\t\t\t<button class=\"project-archive__jump\"\n\t\t\t\t\t\tdata-page=\"1\"\n\t\t\t\t\t\tdisabled>\n\t\t\t\t\t\t1\n\t\t\t\t\t<\/button>\n\t\t\t\t\t\t\t\t\t<button class=\"project-archive__jump\"\n\t\t\t\t\t\tdata-page=\"2\"\n\t\t\t\t\t\t>\n\t\t\t\t\t\t2\n\t\t\t\t\t<\/button>\n\t\t\t\t\t\t\t\t<button class=\"project-archive__next\" data-page=\"next\">\n\t\t\t\t\t<svg width=\"73\" height=\"73\" viewBox=\"0 0 73 73\" fill=\"none\" xmlns=\"http:\/\/www.w3.org\/2000\/svg\">\n<path d=\"M53.5924 32.4964L45.223 24.127C45.223 24.127 45.223 24.127 45.223 24.1269C44.6325 23.5362 44.3008 22.7352 44.3008 21.9C44.3008 21.0647 44.6325 20.2636 45.223 19.6729C45.8137 19.0824 46.6148 18.7507 47.45 18.7507C48.2853 18.7507 49.0863 19.0825 49.677 19.673L64.2769 34.2729C64.277 34.2729 64.277 34.2729 64.277 34.273C64.8675 34.8637 65.1992 35.6647 65.1992 36.5C65.1992 37.3352 64.8675 38.1362 64.277 38.7269C64.277 38.727 64.277 38.727 64.2769 38.727L49.6802 53.3238C49.0864 53.8957 48.292 54.2121 47.4675 54.205C46.6415 54.1978 45.8515 53.8665 45.2675 53.2825C44.6834 52.6985 44.3521 51.9084 44.345 51.0825C44.3378 50.258 44.6542 49.4636 45.2261 48.8698L53.5924 40.5035L54.446 39.65H53.2389L10.95 39.65C10.1146 39.65 9.31334 39.3181 8.7226 38.7273C8.13186 38.1366 7.79999 37.3354 7.79999 36.5C7.79999 35.6645 8.13186 34.8633 8.7226 34.2726C9.31334 33.6818 10.1146 33.35 10.95 33.35L53.2389 33.35H54.446L53.5924 32.4964Z\" fill=\"currentColor\" stroke=\"currentColor\"\/>\n<\/svg>\n\n\t\t\t\t<\/button>\n\t\t\t<\/div>\n\t\t<\/div>\n\t\t\t\t\t<\/div>\n\t\t\t\t\t<\/div>\n\t<\/section>\n","protected":false},"excerpt":{"rendered":"","protected":false},"author":1,"featured_media":0,"parent":0,"menu_order":0,"comment_status":"closed","ping_status":"closed","template":"","meta":{"_acf_changed":false,"footnotes":""},"class_list":["post-229","page","type-page","status-publish","hentry"],"acf":[],"_links":{"self":[{"href":"https:\/\/forskning.eu\/en\/wp-json\/wp\/v2\/pages\/229","targetHints":{"allow":["GET"]}}],"collection":[{"href":"https:\/\/forskning.eu\/en\/wp-json\/wp\/v2\/pages"}],"about":[{"href":"https:\/\/forskning.eu\/en\/wp-json\/wp\/v2\/types\/page"}],"author":[{"embeddable":true,"href":"https:\/\/forskning.eu\/en\/wp-json\/wp\/v2\/users\/1"}],"replies":[{"embeddable":true,"href":"https:\/\/forskning.eu\/en\/wp-json\/wp\/v2\/comments?post=229"}],"version-history":[{"count":6,"href":"https:\/\/forskning.eu\/en\/wp-json\/wp\/v2\/pages\/229\/revisions"}],"predecessor-version":[{"id":1339,"href":"https:\/\/forskning.eu\/en\/wp-json\/wp\/v2\/pages\/229\/revisions\/1339"}],"wp:attachment":[{"href":"https:\/\/forskning.eu\/en\/wp-json\/wp\/v2\/media?parent=229"}],"curies":[{"name":"wp","href":"https:\/\/api.w.org\/{rel}","templated":true}]}}