{"id":1574,"date":"2023-04-04T14:41:41","date_gmt":"2023-04-04T13:41:41","guid":{"rendered":"https:\/\/forskning.eu\/kontakt\/"},"modified":"2024-12-10T10:18:10","modified_gmt":"2024-12-10T09:18:10","slug":"kontakt","status":"publish","type":"page","link":"https:\/\/forskning.eu\/de\/kontakt\/","title":{"rendered":"Kontakt"},"content":{"rendered":"<link rel=\"stylesheet\" type=\"text\/css\" href=\"https:\/\/forskning.eu\/wp-content\/themes\/oak-theme\/dist\/template-parts\/blocks\/contact\/contact.css\">\n\t<section class=\"block block--contact spacing--none\">\n\t\t<div  class=\"contact\">\n\t\t\t\t\t\t\t<div class=\"grid \">\n\t\t\t\t\t\t<div class=\"col-lg-6\">\n\t\t<div class=\"contact__image\">\n\t\t\t<img decoding=\"async\" src=\"https:\/\/forskning.eu\/wp-content\/themes\/oak-theme\/assets\/images\/placeholder.png\" data-src=\"https:\/\/forskning.eu\/wp-content\/uploads\/2024\/12\/smagstest_01-1024x732.jpg\" data-srcset=\"https:\/\/forskning.eu\/wp-content\/uploads\/2024\/12\/smagstest_01-1024x732.jpg 1024w, https:\/\/forskning.eu\/wp-content\/uploads\/2024\/12\/smagstest_01-300x214.jpg 300w, https:\/\/forskning.eu\/wp-content\/uploads\/2024\/12\/smagstest_01-768x549.jpg 768w, https:\/\/forskning.eu\/wp-content\/uploads\/2024\/12\/smagstest_01.jpg 1500w\" sizes=\"(max-width: 100vw) 1600px, 1600px\" data-loading=\"lazy\" alt=\"\"\n\t\t\t\talt=\"\" \/>\n\t\t<\/div>\n\t<\/div>\n\t<div class=\"col-lg-6\">\n\t\t<div class=\"contact__container\">\n\t\t\t<div class=\"contact__text\">\n\t\t\t\t<h3>Kontaktieren Sie uns<\/h3>\n<p>Wenn Sie eine gute Idee f\u00fcr ein Forschungsprojekt haben, z\u00f6gern Sie nicht, uns zu kontaktieren.<\/p>\n<p>Wir helfen Ihnen von der Idee bis zum fertigen Antrag, und wir unterst\u00fctzen Ihr Projekt administrativ, damit Sie sich auf Ihre Forschungst\u00e4tigkeit konzentrieren k\u00f6nnen.<\/p>\n\n\t\t\t<\/div>\n\n\t\t\t<div class=\"contact__list\">\n\t\t\t\t\t\t\t\t\t<div class=\"contact__item\">\n\t\t\t\t\t\t<span class=\"contact__name\">S\u00f8ren Tvilsted<\/span>\n\t\t\t\t\t\t<div class=\"contact__phone\">\n\t\t\t\t\t\t\t<span>Phone:<\/span>\n\t\t\t\t\t\t\t<a href=\"tel:+4521519069\">\n\t\t\t\t\t\t\t\t+45 21 51 90 69\n\t\t\t\t\t\t\t<\/a>\n\t\t\t\t\t\t<\/div>\n\t\t\t\t\t\t<div class=\"contact__email\">\n\t\t\t\t\t\t\t<span>Email:<\/span>\n\t\t\t\t\t\t\t<a href=\"mailto:sotv@regionsjaelland.dk\">\n\t\t\t\t\t\t\t\tsotv@regionsjaelland.dk\n\t\t\t\t\t\t\t<\/a>\n\t\t\t\t\t\t<\/div>\n\t\t\t\t\t<\/div>\n\t\t\t\t\t\t\t<\/div>\n\n\t\t\t<div class=\"contact__address\">\n\t\t\t\t<span class=\"contact__title\">\n\t\t\t\t\tAddress\n\t\t\t\t<\/span>\n\t\t\t\t<span class=\"contact__firm\">Sj\u00e6llands Universitetshospital<\/span>\n\t\t\t\t<span class=\"contact__address\">Lykkeb\u00e6kvej 1<\/span>\n\t\t\t\t<span class=\"contact__city\">4600 K\u00f8ge<\/span>\n\t\t\t<\/div>\n\t\t<\/div>\n\t<\/div>\n\t\t\t\t<\/div>\n\t\t\t\t\t<\/div>\n\t<\/section>\n","protected":false},"excerpt":{"rendered":"","protected":false},"author":1,"featured_media":0,"parent":0,"menu_order":0,"comment_status":"closed","ping_status":"closed","template":"","meta":{"_acf_changed":false,"footnotes":""},"class_list":["post-1574","page","type-page","status-publish","hentry"],"acf":[],"_links":{"self":[{"href":"https:\/\/forskning.eu\/de\/wp-json\/wp\/v2\/pages\/1574","targetHints":{"allow":["GET"]}}],"collection":[{"href":"https:\/\/forskning.eu\/de\/wp-json\/wp\/v2\/pages"}],"about":[{"href":"https:\/\/forskning.eu\/de\/wp-json\/wp\/v2\/types\/page"}],"author":[{"embeddable":true,"href":"https:\/\/forskning.eu\/de\/wp-json\/wp\/v2\/users\/1"}],"replies":[{"embeddable":true,"href":"https:\/\/forskning.eu\/de\/wp-json\/wp\/v2\/comments?post=1574"}],"version-history":[{"count":6,"href":"https:\/\/forskning.eu\/de\/wp-json\/wp\/v2\/pages\/1574\/revisions"}],"predecessor-version":[{"id":1752,"href":"https:\/\/forskning.eu\/de\/wp-json\/wp\/v2\/pages\/1574\/revisions\/1752"}],"wp:attachment":[{"href":"https:\/\/forskning.eu\/de\/wp-json\/wp\/v2\/media?parent=1574"}],"curies":[{"name":"wp","href":"https:\/\/api.w.org\/{rel}","templated":true}]}}