{"id":1564,"date":"2023-04-14T13:24:18","date_gmt":"2023-04-14T12:24:18","guid":{"rendered":"https:\/\/forskning.eu\/?page_id=1564"},"modified":"2024-11-01T15:52:55","modified_gmt":"2024-11-01T14:52:55","slug":"projektarchiv","status":"publish","type":"page","link":"https:\/\/forskning.eu\/de\/projektarchiv\/","title":{"rendered":"Projektarchiv"},"content":{"rendered":"<link rel=\"stylesheet\" type=\"text\/css\" href=\"https:\/\/forskning.eu\/wp-content\/themes\/oak-theme\/dist\/template-parts\/blocks\/hero-page\/hero-page.css\">\n\t<section class=\"block block--hero-page spacing--large\">\n\t\t<div  class=\"hero-page\">\n\t\t\t\t\t<div class=\"grid\">\n\t\t<div class=\"col-lg-8 col-xl-6\">\n\t\t\t<div class=\"hero-page__container no-bg\">\n\t\t\t\t<h1 class=\"hero-page__title\">\n\t\t\t\t\tBisherige und abgeschlossene Projekte\n\t\t\t\t<\/h1>\n\t\t\t\t\t\t\t\t\t<p class=\"hero-page__excerpt\">\n\t\t\t\t\t\tHier finden Sie einen \u00dcberblick \u00fcber die bisherigen Projekte der Forschungsabteilung. Wir begleiten alle Projekte w\u00e4hrend ihres gesamten Lebenszyklus, und wir unterst\u00fctzen sie konti-nuierlich mit zus\u00e4tzlichen Dienstleistungen, um sicherzustellen, dass das die Projekte ihre Ziele erreichen.\n\t\t\t\t\t<\/p>\n\t\t\t\t\t\t\t\t\t\t\t<\/div>\n\t\t<\/div>\n\t<\/div>\n\t\t<\/div>\n\t<\/section>\n\n\n<link rel=\"stylesheet\" type=\"text\/css\" href=\"https:\/\/forskning.eu\/wp-content\/themes\/oak-theme\/dist\/template-parts\/blocks\/project-archive\/project-archive.css\">\n\t<section class=\"block block--project-archive spacing--large\">\n\t\t<div  class=\"project-archive\">\n\t\t\t\t\t\t\t<div class=\"grid \">\n\t\t\t\t\t\t<template id=\"projects-archive__project-template\">\n\t\t<a href=\"\" class=\"project-archive__project\">\n\t\t\t<div class=\"project__thumbnail\">\n\t\t\t\t<img decoding=\"async\" src=\"\" alt=\"\" \/>\n\t\t\t\t<div class=\"project__backdrop\">\n\t\t\t\t\t<span class=\"project__tag\">\n\t\t\t\t\t\tRead more\n\t\t\t\t\t<\/span>\n\t\t\t\t<\/div>\n\t\t\t<\/div>\n\n\t\t\t<div class=\"project__container\">\n\t\t\t\t<span class=\"heading-4 project__title\"><\/span>\n\t\t\t\t<span class=\"project__end\"><\/span>\n\t\t\t\t<p class=\"project__excerpt\"><\/p>\n\t\t\t<\/div>\n\t\t<\/a>\n\t<\/template>\n\n\t<div class=\"col-12\">\n\t\t<div class=\"project-archive__options\">\n\t\t\t\t\t\t\t<div class=\"project-archive__wrapper project-archive__wrapper--filter\">\n\t\t\t\t\t<label for=\"project-archive__filter\">\n\t\t\t\t\t\tProject Type\n\t\t\t\t\t<\/label>\n\t\t\t\t\t<div class=\"select-wrapper\">\n\t\t\t\t\t\t<select name=\"project-archive__filter\"\n\t\t\t\t\t\t\tid=\"project-archive__filter\">\n\t\t\t\t\t\t\t<option value=\"11\">\n\t\t\t\t\t\t\t\tAll\n\t\t\t\t\t\t\t<\/option>\n\t\t\t\t\t\t\t\t\t\t\t\t\t\t\t<option value=\"11\">\n\t\t\t\t\t\t\t\t\tArkiverede Projekter\n\t\t\t\t\t\t\t\t<\/option>\n\t\t\t\t\t\t\t\t\t\t\t\t\t<\/select>\n\t\t\t\t\t\t<i class=\"chevron\"><svg width=\"24\" height=\"24\" viewBox=\"0 0 24 24\" fill=\"none\" xmlns=\"http:\/\/www.w3.org\/2000\/svg\">\n<path d=\"M19 9L12 16L5 9\" stroke=\"currentColor\" stroke-width=\"2\" stroke-linecap=\"round\" stroke-linejoin=\"round\"\/>\n<\/svg>\n<\/i>\n\t\t\t\t\t<\/div>\n\t\t\t\t<\/div>\n\t\t\t\n\t\t\t<div class=\"project-archive__wrapper project-archive__wrapper--sort\">\n\t\t\t\t<label for=\"project-archive__sort\">\n\t\t\t\t\tSort\n\t\t\t\t<\/label>\n\t\t\t\t<div class=\"select-wrapper\">\n\t\t\t\t\t<select name=\"project-archive__sort\"\n\t\t\t\t\t\tid=\"project-archive__sort\">\n\t\t\t\t\t\t<option value=\"date|DESC\">\n\t\t\t\t\t\t\tNewest first\n\t\t\t\t\t\t<\/option>\n\t\t\t\t\t\t<option value=\"date|ASC\">\n\t\t\t\t\t\t\tOldest first\n\t\t\t\t\t\t<\/option>\n\t\t\t\t\t\t<option value=\"title|ASC\">\n\t\t\t\t\t\t\tAlphabetical\n\t\t\t\t\t\t<\/option>\n\t\t\t\t\t<\/select>\n\t\t\t\t\t<i class=\"chevron\"><svg width=\"24\" height=\"24\" viewBox=\"0 0 24 24\" fill=\"none\" xmlns=\"http:\/\/www.w3.org\/2000\/svg\">\n<path d=\"M19 9L12 16L5 9\" stroke=\"currentColor\" stroke-width=\"2\" stroke-linecap=\"round\" stroke-linejoin=\"round\"\/>\n<\/svg>\n<\/i>\n\t\t\t\t<\/div>\n\t\t\t<\/div>\n\t\t<\/div>\n\t<\/div>\n\n\t<div class=\"col-12\">\n\t\t<div class=\"project-archive__projects\"\n\t\t\tdata-project-ids=\"11\"\n\t\t\tdata-project-sort=\"date|DESC\"\n\t\t\tdata-current-page=\"1\"\n\t\t\tdata-max-pages=\"0\"\n\t\t\tdata-selection-type=\"categorically\">\n\t\t\t\t\t<\/div>\n\t<\/div>\n\t\t\t\t\t<\/div>\n\t\t\t\t\t<\/div>\n\t<\/section>\n","protected":false},"excerpt":{"rendered":"","protected":false},"author":4,"featured_media":0,"parent":0,"menu_order":0,"comment_status":"closed","ping_status":"closed","template":"","meta":{"_acf_changed":false,"footnotes":""},"class_list":["post-1564","page","type-page","status-publish","hentry"],"acf":[],"_links":{"self":[{"href":"https:\/\/forskning.eu\/de\/wp-json\/wp\/v2\/pages\/1564","targetHints":{"allow":["GET"]}}],"collection":[{"href":"https:\/\/forskning.eu\/de\/wp-json\/wp\/v2\/pages"}],"about":[{"href":"https:\/\/forskning.eu\/de\/wp-json\/wp\/v2\/types\/page"}],"author":[{"embeddable":true,"href":"https:\/\/forskning.eu\/de\/wp-json\/wp\/v2\/users\/4"}],"replies":[{"embeddable":true,"href":"https:\/\/forskning.eu\/de\/wp-json\/wp\/v2\/comments?post=1564"}],"version-history":[{"count":1,"href":"https:\/\/forskning.eu\/de\/wp-json\/wp\/v2\/pages\/1564\/revisions"}],"predecessor-version":[{"id":1565,"href":"https:\/\/forskning.eu\/de\/wp-json\/wp\/v2\/pages\/1564\/revisions\/1565"}],"wp:attachment":[{"href":"https:\/\/forskning.eu\/de\/wp-json\/wp\/v2\/media?parent=1564"}],"curies":[{"name":"wp","href":"https:\/\/api.w.org\/{rel}","templated":true}]}}