{"id":1560,"date":"2023-04-14T13:19:20","date_gmt":"2023-04-14T12:19:20","guid":{"rendered":"https:\/\/forskning.eu\/?page_id=1560"},"modified":"2024-11-01T15:48:33","modified_gmt":"2024-11-01T14:48:33","slug":"aktuelle-projekte","status":"publish","type":"page","link":"https:\/\/forskning.eu\/de\/aktuelle-projekte\/","title":{"rendered":"Aktuelle projekte"},"content":{"rendered":"<link rel=\"stylesheet\" type=\"text\/css\" href=\"https:\/\/forskning.eu\/wp-content\/themes\/oak-theme\/dist\/template-parts\/blocks\/hero-page\/hero-page.css\">\n\t<section class=\"block block--hero-page spacing--large\">\n\t\t<div  class=\"hero-page\">\n\t\t\t\t\t<div class=\"grid\">\n\t\t<div class=\"col-lg-8 col-xl-6\">\n\t\t\t<div class=\"hero-page__container no-bg\">\n\t\t\t\t<h1 class=\"hero-page__title\">\n\t\t\t\t\tAktuelle projekte\n\t\t\t\t<\/h1>\n\t\t\t\t\t\t\t\t\t<p class=\"hero-page__excerpt\">\n\t\t\t\t\t\tHier finden Sie eine \u00dcbersicht \u00fcber die Projekte, f\u00fcr welche die Forschungsabteilung F\u00f6rder-mittel eingeworben hat. Wir unterst\u00fctzen diese Projekte w\u00e4hrend des gesamten Verlaufs mit Projektmanagement, Finanzmanagement, \u00d6ffentlichkeitsarbeit und Kommunikation, ge-sundheits\u00f6konomischen Analysen und qualitativer Forschung.\n\t\t\t\t\t<\/p>\n\t\t\t\t\t\t\t\t\t\t\t<\/div>\n\t\t<\/div>\n\t<\/div>\n\t\t<\/div>\n\t<\/section>\n\n\n<link rel=\"stylesheet\" type=\"text\/css\" href=\"https:\/\/forskning.eu\/wp-content\/themes\/oak-theme\/dist\/template-parts\/blocks\/project-archive\/project-archive.css\">\n\t<section class=\"block block--project-archive spacing--large\">\n\t\t<div  class=\"project-archive\">\n\t\t\t\t\t\t\t<div class=\"grid \">\n\t\t\t\t\t\t<template id=\"projects-archive__project-template\">\n\t\t<a href=\"\" class=\"project-archive__project\">\n\t\t\t<div class=\"project__thumbnail\">\n\t\t\t\t<img decoding=\"async\" src=\"\" alt=\"\" \/>\n\t\t\t\t<div class=\"project__backdrop\">\n\t\t\t\t\t<span class=\"project__tag\">\n\t\t\t\t\t\tRead more\n\t\t\t\t\t<\/span>\n\t\t\t\t<\/div>\n\t\t\t<\/div>\n\n\t\t\t<div class=\"project__container\">\n\t\t\t\t<span class=\"heading-4 project__title\"><\/span>\n\t\t\t\t<span class=\"project__end\"><\/span>\n\t\t\t\t<p class=\"project__excerpt\"><\/p>\n\t\t\t<\/div>\n\t\t<\/a>\n\t<\/template>\n\n\t<div class=\"col-12\">\n\t\t<div class=\"project-archive__options\">\n\t\t\t\n\t\t\t<div class=\"project-archive__wrapper project-archive__wrapper--sort\">\n\t\t\t\t<label for=\"project-archive__sort\">\n\t\t\t\t\tSort\n\t\t\t\t<\/label>\n\t\t\t\t<div class=\"select-wrapper\">\n\t\t\t\t\t<select name=\"project-archive__sort\"\n\t\t\t\t\t\tid=\"project-archive__sort\">\n\t\t\t\t\t\t<option value=\"date|DESC\">\n\t\t\t\t\t\t\tNewest first\n\t\t\t\t\t\t<\/option>\n\t\t\t\t\t\t<option value=\"date|ASC\">\n\t\t\t\t\t\t\tOldest first\n\t\t\t\t\t\t<\/option>\n\t\t\t\t\t\t<option value=\"title|ASC\">\n\t\t\t\t\t\t\tAlphabetical\n\t\t\t\t\t\t<\/option>\n\t\t\t\t\t<\/select>\n\t\t\t\t\t<i class=\"chevron\"><svg width=\"24\" height=\"24\" viewBox=\"0 0 24 24\" fill=\"none\" xmlns=\"http:\/\/www.w3.org\/2000\/svg\">\n<path d=\"M19 9L12 16L5 9\" stroke=\"currentColor\" stroke-width=\"2\" stroke-linecap=\"round\" stroke-linejoin=\"round\"\/>\n<\/svg>\n<\/i>\n\t\t\t\t<\/div>\n\t\t\t<\/div>\n\t\t<\/div>\n\t<\/div>\n\n\t<div class=\"col-12\">\n\t\t<div class=\"project-archive__projects\"\n\t\t\tdata-project-ids=\"1297,1546,1281,1292\"\n\t\t\tdata-project-sort=\"date|DESC\"\n\t\t\tdata-current-page=\"1\"\n\t\t\tdata-max-pages=\"\"\n\t\t\tdata-selection-type=\"manually\">\n\t\t\t\t\t\t\t<a href=\"https:\/\/forskning.eu\/de\/projects\/rekrui-retain\/\" class=\"project-archive__project\">\n\t\t\t\t\t<div class=\"project__thumbnail\">\n\t\t\t\t\t\t<img decoding=\"async\" src=\"https:\/\/forskning.eu\/wp-content\/themes\/oak-theme\/assets\/images\/placeholder.png\" data-src=\"https:\/\/forskning.eu\/wp-content\/uploads\/2026\/03\/Foto_KickOff_1-300x225.jpg\" data-srcset=\"https:\/\/forskning.eu\/wp-content\/uploads\/2026\/03\/Foto_KickOff_1-300x225.jpg 300w, https:\/\/forskning.eu\/wp-content\/uploads\/2026\/03\/Foto_KickOff_1-1024x768.jpg 1024w, https:\/\/forskning.eu\/wp-content\/uploads\/2026\/03\/Foto_KickOff_1-768x576.jpg 768w, https:\/\/forskning.eu\/wp-content\/uploads\/2026\/03\/Foto_KickOff_1-1536x1152.jpg 1536w, https:\/\/forskning.eu\/wp-content\/uploads\/2026\/03\/Foto_KickOff_1-2048x1536.jpg 2048w\" sizes=\"(max-width: 100vw) 350px, 350px\" data-loading=\"lazy\" alt=\"\"\n\t\t\t\t\t\t\talt=\"\" \/>\n\t\t\t\t\t\t<div class=\"project__backdrop\">\n\t\t\t\t\t\t\t<span class=\"project__tag\">\n\t\t\t\t\t\t\t\tRead more\n\t\t\t\t\t\t\t<\/span>\n\t\t\t\t\t\t<\/div>\n\t\t\t\t\t<\/div>\n\n\t\t\t\t\t<div class=\"project__container\">\n\t\t\t\t\t\t<span class=\"heading-4 project__title\">\n\t\t\t\t\t\t\tREKRUI &amp; RETAIN\n\t\t\t\t\t\t<\/span>\n\t\t\t\t\t\t\t\t\t\t\t\t\t<span class=\"project__end\">April 2025 &#8211; March 2028<\/span>\n\t\t\t\t\t\t\t\t\t\t\t\t<p class=\"project__excerpt\">\n\t\t\t\t\t\t\tZiel des Projekts ist es, qualifizierte Arbeitskr\u00e4fte in und um die Fehmarnbelt-Region zu rekrutiere&#8230;\n\t\t\t\t\t\t<\/p>\n\t\t\t\t\t<\/div>\n\t\t\t\t<\/a>\n\t\t\t\t\t\t\t<a href=\"https:\/\/forskning.eu\/de\/projects\/heat\/\" class=\"project-archive__project\">\n\t\t\t\t\t<div class=\"project__thumbnail\">\n\t\t\t\t\t\t<img decoding=\"async\" src=\"https:\/\/forskning.eu\/wp-content\/themes\/oak-theme\/assets\/images\/placeholder.png\" data-src=\"https:\/\/forskning.eu\/wp-content\/uploads\/2024\/10\/foto_hoj-oplosning_ny-300x217.jpg\" data-srcset=\"https:\/\/forskning.eu\/wp-content\/uploads\/2024\/10\/foto_hoj-oplosning_ny-300x217.jpg 300w, https:\/\/forskning.eu\/wp-content\/uploads\/2024\/10\/foto_hoj-oplosning_ny-1024x742.jpg 1024w, https:\/\/forskning.eu\/wp-content\/uploads\/2024\/10\/foto_hoj-oplosning_ny-768x557.jpg 768w, https:\/\/forskning.eu\/wp-content\/uploads\/2024\/10\/foto_hoj-oplosning_ny-1536x1113.jpg 1536w, https:\/\/forskning.eu\/wp-content\/uploads\/2024\/10\/foto_hoj-oplosning_ny-2048x1484.jpg 2048w\" sizes=\"(max-width: 100vw) 350px, 350px\" data-loading=\"lazy\" alt=\"\"\n\t\t\t\t\t\t\talt=\"\" \/>\n\t\t\t\t\t\t<div class=\"project__backdrop\">\n\t\t\t\t\t\t\t<span class=\"project__tag\">\n\t\t\t\t\t\t\t\tRead more\n\t\t\t\t\t\t\t<\/span>\n\t\t\t\t\t\t<\/div>\n\t\t\t\t\t<\/div>\n\n\t\t\t\t\t<div class=\"project__container\">\n\t\t\t\t\t\t<span class=\"heading-4 project__title\">\n\t\t\t\t\t\t\tHeAT\n\t\t\t\t\t\t<\/span>\n\t\t\t\t\t\t\t\t\t\t\t\t<p class=\"project__excerpt\">\n\t\t\t\t\t\t\tDas \u00fcbergeordnete Ziel des Projekts ist es, den Zugang \u00e4lterer Menschen zu einem zunehmend digitalen&#8230;\n\t\t\t\t\t\t<\/p>\n\t\t\t\t\t<\/div>\n\t\t\t\t<\/a>\n\t\t\t\t\t\t\t<a href=\"https:\/\/forskning.eu\/de\/projects\/nachhaltige-verwendung-von-einweg-endoskopen\/\" class=\"project-archive__project\">\n\t\t\t\t\t<div class=\"project__thumbnail\">\n\t\t\t\t\t\t<img decoding=\"async\" src=\"https:\/\/forskning.eu\/wp-content\/themes\/oak-theme\/assets\/images\/placeholder.png\" data-src=\"https:\/\/forskning.eu\/wp-content\/uploads\/2024\/07\/AdobeStock_177689114-300x200.jpeg\" data-srcset=\"https:\/\/forskning.eu\/wp-content\/uploads\/2024\/07\/AdobeStock_177689114-300x200.jpeg 300w, https:\/\/forskning.eu\/wp-content\/uploads\/2024\/07\/AdobeStock_177689114-1024x683.jpeg 1024w, https:\/\/forskning.eu\/wp-content\/uploads\/2024\/07\/AdobeStock_177689114-768x512.jpeg 768w, https:\/\/forskning.eu\/wp-content\/uploads\/2024\/07\/AdobeStock_177689114-1536x1024.jpeg 1536w, https:\/\/forskning.eu\/wp-content\/uploads\/2024\/07\/AdobeStock_177689114-2048x1365.jpeg 2048w\" sizes=\"(max-width: 100vw) 350px, 350px\" data-loading=\"lazy\" alt=\"\"\n\t\t\t\t\t\t\talt=\"\" \/>\n\t\t\t\t\t\t<div class=\"project__backdrop\">\n\t\t\t\t\t\t\t<span class=\"project__tag\">\n\t\t\t\t\t\t\t\tRead more\n\t\t\t\t\t\t\t<\/span>\n\t\t\t\t\t\t<\/div>\n\t\t\t\t\t<\/div>\n\n\t\t\t\t\t<div class=\"project__container\">\n\t\t\t\t\t\t<span class=\"heading-4 project__title\">\n\t\t\t\t\t\t\tNachhaltige Verwendung von Einweg-Endoskopen\n\t\t\t\t\t\t<\/span>\n\t\t\t\t\t\t\t\t\t\t\t\t<p class=\"project__excerpt\">\n\t\t\t\t\t\t\tNachhaltigkeit ist mehr als CO2 im Gesundheitswesen. Das Projekt vergleicht wiederverwendbare und Ei&#8230;\n\t\t\t\t\t\t<\/p>\n\t\t\t\t\t<\/div>\n\t\t\t\t<\/a>\n\t\t\t\t\t\t\t<a href=\"https:\/\/forskning.eu\/de\/projects\/sichere-pflege-fuer-aeltere-menschen-ueberbruecken\/\" class=\"project-archive__project\">\n\t\t\t\t\t<div class=\"project__thumbnail\">\n\t\t\t\t\t\t<img decoding=\"async\" src=\"https:\/\/forskning.eu\/wp-content\/themes\/oak-theme\/assets\/images\/placeholder.png\" data-src=\"https:\/\/forskning.eu\/wp-content\/uploads\/2023\/12\/Bridging-til-.eu-1024-pxls-300x200.jpg\" data-srcset=\"https:\/\/forskning.eu\/wp-content\/uploads\/2023\/12\/Bridging-til-.eu-1024-pxls-300x200.jpg 300w, https:\/\/forskning.eu\/wp-content\/uploads\/2023\/12\/Bridging-til-.eu-1024-pxls-768x512.jpg 768w, https:\/\/forskning.eu\/wp-content\/uploads\/2023\/12\/Bridging-til-.eu-1024-pxls.jpg 1024w\" sizes=\"(max-width: 100vw) 350px, 350px\" data-loading=\"lazy\" alt=\"\"\n\t\t\t\t\t\t\talt=\"\" \/>\n\t\t\t\t\t\t<div class=\"project__backdrop\">\n\t\t\t\t\t\t\t<span class=\"project__tag\">\n\t\t\t\t\t\t\t\tRead more\n\t\t\t\t\t\t\t<\/span>\n\t\t\t\t\t\t<\/div>\n\t\t\t\t\t<\/div>\n\n\t\t\t\t\t<div class=\"project__container\">\n\t\t\t\t\t\t<span class=\"heading-4 project__title\">\n\t\t\t\t\t\t\tBridging Safe Elderly Care\n\t\t\t\t\t\t<\/span>\n\t\t\t\t\t\t\t\t\t\t\t\t<p class=\"project__excerpt\">\n\t\t\t\t\t\t\tDas innovative Forschungsprojekt &#8218;Bridging Safe Elderly Care&#8216; wird neue Gesundheitstechnologien eins&#8230;\n\t\t\t\t\t\t<\/p>\n\t\t\t\t\t<\/div>\n\t\t\t\t<\/a>\n\t\t\t\t\t\t\t<a href=\"https:\/\/forskning.eu\/de\/projects\/the-good-prescriber\/\" class=\"project-archive__project\">\n\t\t\t\t\t<div class=\"project__thumbnail\">\n\t\t\t\t\t\t<img decoding=\"async\" src=\"https:\/\/forskning.eu\/wp-content\/themes\/oak-theme\/assets\/images\/placeholder.png\" data-src=\"https:\/\/forskning.eu\/wp-content\/uploads\/2023\/12\/TGP_231110_Soro_Grouppicture_dike_web-300x187.jpg\" data-srcset=\"https:\/\/forskning.eu\/wp-content\/uploads\/2023\/12\/TGP_231110_Soro_Grouppicture_dike_web-300x187.jpg 300w, https:\/\/forskning.eu\/wp-content\/uploads\/2023\/12\/TGP_231110_Soro_Grouppicture_dike_web-1024x638.jpg 1024w, https:\/\/forskning.eu\/wp-content\/uploads\/2023\/12\/TGP_231110_Soro_Grouppicture_dike_web-768x479.jpg 768w, https:\/\/forskning.eu\/wp-content\/uploads\/2023\/12\/TGP_231110_Soro_Grouppicture_dike_web-1536x958.jpg 1536w, https:\/\/forskning.eu\/wp-content\/uploads\/2023\/12\/TGP_231110_Soro_Grouppicture_dike_web.jpg 1904w\" sizes=\"(max-width: 100vw) 350px, 350px\" data-loading=\"lazy\" alt=\"\"\n\t\t\t\t\t\t\talt=\"\" \/>\n\t\t\t\t\t\t<div class=\"project__backdrop\">\n\t\t\t\t\t\t\t<span class=\"project__tag\">\n\t\t\t\t\t\t\t\tRead more\n\t\t\t\t\t\t\t<\/span>\n\t\t\t\t\t\t<\/div>\n\t\t\t\t\t<\/div>\n\n\t\t\t\t\t<div class=\"project__container\">\n\t\t\t\t\t\t<span class=\"heading-4 project__title\">\n\t\t\t\t\t\t\tThe Good Prescriber\n\t\t\t\t\t\t<\/span>\n\t\t\t\t\t\t\t\t\t\t\t\t<p class=\"project__excerpt\">\n\t\t\t\t\t\t\tMit dem Interreg-Projekt \u201eThe Good Prescriber\u201c soll ein digitales Tool entwickeln werden, das die si&#8230;\n\t\t\t\t\t\t<\/p>\n\t\t\t\t\t<\/div>\n\t\t\t\t<\/a>\n\t\t\t\t\t\t\t<a href=\"https:\/\/forskning.eu\/de\/projects\/hospibot\/\" class=\"project-archive__project\">\n\t\t\t\t\t<div class=\"project__thumbnail\">\n\t\t\t\t\t\t<img decoding=\"async\" src=\"https:\/\/forskning.eu\/wp-content\/themes\/oak-theme\/assets\/images\/placeholder.png\" data-src=\"https:\/\/forskning.eu\/wp-content\/uploads\/2023\/12\/ImagePictureRobots_230607_OskarPalinko-300x192.png\" data-srcset=\"https:\/\/forskning.eu\/wp-content\/uploads\/2023\/12\/ImagePictureRobots_230607_OskarPalinko-300x192.png 300w, https:\/\/forskning.eu\/wp-content\/uploads\/2023\/12\/ImagePictureRobots_230607_OskarPalinko.png 611w\" sizes=\"(max-width: 100vw) 350px, 350px\" data-loading=\"lazy\" alt=\"\"\n\t\t\t\t\t\t\talt=\"\" \/>\n\t\t\t\t\t\t<div class=\"project__backdrop\">\n\t\t\t\t\t\t\t<span class=\"project__tag\">\n\t\t\t\t\t\t\t\tRead more\n\t\t\t\t\t\t\t<\/span>\n\t\t\t\t\t\t<\/div>\n\t\t\t\t\t<\/div>\n\n\t\t\t\t\t<div class=\"project__container\">\n\t\t\t\t\t\t<span class=\"heading-4 project__title\">\n\t\t\t\t\t\t\tHospiBot\n\t\t\t\t\t\t<\/span>\n\t\t\t\t\t\t\t\t\t\t\t\t<p class=\"project__excerpt\">\n\t\t\t\t\t\t\tEntwicklung von multifunktionalen Servicerobotern f\u00fcr Krankenh\u00e4user. \n\t\t\t\t\t\t<\/p>\n\t\t\t\t\t<\/div>\n\t\t\t\t<\/a>\n\t\t\t\t\t\t\t<a href=\"https:\/\/forskning.eu\/de\/projects\/oere-sund\/\" class=\"project-archive__project\">\n\t\t\t\t\t<div class=\"project__thumbnail\">\n\t\t\t\t\t\t<img decoding=\"async\" src=\"https:\/\/forskning.eu\/wp-content\/themes\/oak-theme\/assets\/images\/placeholder.png\" data-src=\"https:\/\/forskning.eu\/wp-content\/uploads\/2024\/02\/Videobrille-865x576-til-web-300x200.jpg\" data-srcset=\"https:\/\/forskning.eu\/wp-content\/uploads\/2024\/02\/Videobrille-865x576-til-web-300x200.jpg 300w, https:\/\/forskning.eu\/wp-content\/uploads\/2024\/02\/Videobrille-865x576-til-web-768x511.jpg 768w, https:\/\/forskning.eu\/wp-content\/uploads\/2024\/02\/Videobrille-865x576-til-web.jpg 865w\" sizes=\"(max-width: 100vw) 350px, 350px\" data-loading=\"lazy\" alt=\"\"\n\t\t\t\t\t\t\talt=\"\" \/>\n\t\t\t\t\t\t<div class=\"project__backdrop\">\n\t\t\t\t\t\t\t<span class=\"project__tag\">\n\t\t\t\t\t\t\t\tRead more\n\t\t\t\t\t\t\t<\/span>\n\t\t\t\t\t\t<\/div>\n\t\t\t\t\t<\/div>\n\n\t\t\t\t\t<div class=\"project__container\">\n\t\t\t\t\t\t<span class=\"heading-4 project__title\">\n\t\t\t\t\t\t\t\u00d6re-Sund\n\t\t\t\t\t\t<\/span>\n\t\t\t\t\t\t\t\t\t\t\t\t<p class=\"project__excerpt\">\n\t\t\t\t\t\t\tGleichgewichts- und H\u00f6rprobleme, die durch St\u00f6rungen des Innenohrs verursacht werden, sind weit verb&#8230;\n\t\t\t\t\t\t<\/p>\n\t\t\t\t\t<\/div>\n\t\t\t\t<\/a>\n\t\t\t\t\t\t\t<a href=\"https:\/\/forskning.eu\/de\/projects\/smartclinic\/\" class=\"project-archive__project\">\n\t\t\t\t\t<div class=\"project__thumbnail\">\n\t\t\t\t\t\t<img decoding=\"async\" src=\"https:\/\/forskning.eu\/wp-content\/themes\/oak-theme\/assets\/images\/placeholder.png\" data-src=\"https:\/\/forskning.eu\/wp-content\/uploads\/2023\/10\/laege-stock-web-300x200.jpg\" data-srcset=\"https:\/\/forskning.eu\/wp-content\/uploads\/2023\/10\/laege-stock-web-300x200.jpg 300w, https:\/\/forskning.eu\/wp-content\/uploads\/2023\/10\/laege-stock-web-1024x682.jpg 1024w, https:\/\/forskning.eu\/wp-content\/uploads\/2023\/10\/laege-stock-web-768x512.jpg 768w, https:\/\/forskning.eu\/wp-content\/uploads\/2023\/10\/laege-stock-web.jpg 1280w\" sizes=\"(max-width: 100vw) 350px, 350px\" data-loading=\"lazy\" alt=\"\"\n\t\t\t\t\t\t\talt=\"\" \/>\n\t\t\t\t\t\t<div class=\"project__backdrop\">\n\t\t\t\t\t\t\t<span class=\"project__tag\">\n\t\t\t\t\t\t\t\tRead more\n\t\t\t\t\t\t\t<\/span>\n\t\t\t\t\t\t<\/div>\n\t\t\t\t\t<\/div>\n\n\t\t\t\t\t<div class=\"project__container\">\n\t\t\t\t\t\t<span class=\"heading-4 project__title\">\n\t\t\t\t\t\t\tSmartClinic\n\t\t\t\t\t\t<\/span>\n\t\t\t\t\t\t\t\t\t\t\t\t<p class=\"project__excerpt\">\n\t\t\t\t\t\t\tDas Projekt wird ein allgemeines Modell f\u00fcr digitalisierte Pflegepfade f\u00fcr Patienten mit chronischen&#8230;\n\t\t\t\t\t\t<\/p>\n\t\t\t\t\t<\/div>\n\t\t\t\t<\/a>\n\t\t\t\t\t\t\t<a href=\"https:\/\/forskning.eu\/de\/projects\/cat-child-to-adult-transitions\/\" class=\"project-archive__project\">\n\t\t\t\t\t<div class=\"project__thumbnail\">\n\t\t\t\t\t\t<img decoding=\"async\" src=\"https:\/\/forskning.eu\/wp-content\/themes\/oak-theme\/assets\/images\/placeholder.png\" data-src=\"https:\/\/forskning.eu\/wp-content\/uploads\/2023\/05\/AdobeStock_152393299-300x200.jpeg\" data-srcset=\"https:\/\/forskning.eu\/wp-content\/uploads\/2023\/05\/AdobeStock_152393299-300x200.jpeg 300w, https:\/\/forskning.eu\/wp-content\/uploads\/2023\/05\/AdobeStock_152393299.jpeg 709w\" sizes=\"(max-width: 100vw) 350px, 350px\" data-loading=\"lazy\" alt=\"\"\n\t\t\t\t\t\t\talt=\"\" \/>\n\t\t\t\t\t\t<div class=\"project__backdrop\">\n\t\t\t\t\t\t\t<span class=\"project__tag\">\n\t\t\t\t\t\t\t\tRead more\n\t\t\t\t\t\t\t<\/span>\n\t\t\t\t\t\t<\/div>\n\t\t\t\t\t<\/div>\n\n\t\t\t\t\t<div class=\"project__container\">\n\t\t\t\t\t\t<span class=\"heading-4 project__title\">\n\t\t\t\t\t\t\tCAT &#8211; Child to Adult Transitions\n\t\t\t\t\t\t<\/span>\n\t\t\t\t\t\t\t\t\t\t\t\t<p class=\"project__excerpt\">\n\t\t\t\t\t\t\tCAT wird dazu beitragen, bessere \u00dcbergangsprozesse beim \u00dcbergang von der Kinder- in die Erwachsenena&#8230;\n\t\t\t\t\t\t<\/p>\n\t\t\t\t\t<\/div>\n\t\t\t\t<\/a>\n\t\t\t\t\t\t\t<a href=\"https:\/\/forskning.eu\/de\/projects\/florenz\/\" class=\"project-archive__project\">\n\t\t\t\t\t<div class=\"project__thumbnail\">\n\t\t\t\t\t\t<img decoding=\"async\" src=\"https:\/\/forskning.eu\/wp-content\/themes\/oak-theme\/assets\/images\/placeholder.png\" data-src=\"https:\/\/forskning.eu\/wp-content\/uploads\/2022\/12\/AdobeStock_371001700-300x208.jpeg\" data-srcset=\"https:\/\/forskning.eu\/wp-content\/uploads\/2022\/12\/AdobeStock_371001700-300x208.jpeg 300w, https:\/\/forskning.eu\/wp-content\/uploads\/2022\/12\/AdobeStock_371001700-1024x711.jpeg 1024w, https:\/\/forskning.eu\/wp-content\/uploads\/2022\/12\/AdobeStock_371001700-768x533.jpeg 768w, https:\/\/forskning.eu\/wp-content\/uploads\/2022\/12\/AdobeStock_371001700-1536x1067.jpeg 1536w, https:\/\/forskning.eu\/wp-content\/uploads\/2022\/12\/AdobeStock_371001700-2048x1423.jpeg 2048w\" sizes=\"(max-width: 100vw) 350px, 350px\" data-loading=\"lazy\" alt=\"\"\n\t\t\t\t\t\t\talt=\"\" \/>\n\t\t\t\t\t\t<div class=\"project__backdrop\">\n\t\t\t\t\t\t\t<span class=\"project__tag\">\n\t\t\t\t\t\t\t\tRead more\n\t\t\t\t\t\t\t<\/span>\n\t\t\t\t\t\t<\/div>\n\t\t\t\t\t<\/div>\n\n\t\t\t\t\t<div class=\"project__container\">\n\t\t\t\t\t\t<span class=\"heading-4 project__title\">\n\t\t\t\t\t\t\tFLORENCE\n\t\t\t\t\t\t<\/span>\n\t\t\t\t\t\t\t\t\t\t\t\t<p class=\"project__excerpt\">\n\t\t\t\t\t\t\tForschungsprojekt nutzt k\u00fcnstliche Intelligenz zur Behandlung von Darmkrebspatienten\n\t\t\t\t\t\t<\/p>\n\t\t\t\t\t<\/div>\n\t\t\t\t<\/a>\n\t\t\t\t\t\t\t<a href=\"https:\/\/forskning.eu\/de\/projects\/unentdeckter-sehverlust\/\" class=\"project-archive__project\">\n\t\t\t\t\t<div class=\"project__thumbnail\">\n\t\t\t\t\t\t<img decoding=\"async\" src=\"https:\/\/forskning.eu\/wp-content\/themes\/oak-theme\/assets\/images\/placeholder.png\" data-src=\"https:\/\/forskning.eu\/wp-content\/uploads\/2023\/05\/Birte-og-patient-04-300x200.jpg\" data-srcset=\"https:\/\/forskning.eu\/wp-content\/uploads\/2023\/05\/Birte-og-patient-04-300x200.jpg 300w, https:\/\/forskning.eu\/wp-content\/uploads\/2023\/05\/Birte-og-patient-04.jpg 709w\" sizes=\"(max-width: 100vw) 350px, 350px\" data-loading=\"lazy\" alt=\"\"\n\t\t\t\t\t\t\talt=\"\" \/>\n\t\t\t\t\t\t<div class=\"project__backdrop\">\n\t\t\t\t\t\t\t<span class=\"project__tag\">\n\t\t\t\t\t\t\t\tRead more\n\t\t\t\t\t\t\t<\/span>\n\t\t\t\t\t\t<\/div>\n\t\t\t\t\t<\/div>\n\n\t\t\t\t\t<div class=\"project__container\">\n\t\t\t\t\t\t<span class=\"heading-4 project__title\">\n\t\t\t\t\t\t\tUnerkannter Sehkraftverlust\n\t\t\t\t\t\t<\/span>\n\t\t\t\t\t\t\t\t\t\t\t\t<p class=\"project__excerpt\">\n\t\t\t\t\t\t\tDas Forschungs- und Innovationsprojekt &#8222;Unentdeckter Sehverlust&#8220; zielt darauf ab, den Sehverlust bei&#8230;\n\t\t\t\t\t\t<\/p>\n\t\t\t\t\t<\/div>\n\t\t\t\t<\/a>\n\t\t\t\t\t\t\t<a href=\"https:\/\/forskning.eu\/de\/projects\/optimieren\/\" class=\"project-archive__project\">\n\t\t\t\t\t<div class=\"project__thumbnail\">\n\t\t\t\t\t\t<img decoding=\"async\" src=\"https:\/\/forskning.eu\/wp-content\/themes\/oak-theme\/assets\/images\/placeholder.png\" data-src=\"https:\/\/forskning.eu\/wp-content\/uploads\/2023\/05\/VR-300x169.png\" data-srcset=\"https:\/\/forskning.eu\/wp-content\/uploads\/2023\/05\/VR-300x169.png 300w, https:\/\/forskning.eu\/wp-content\/uploads\/2023\/05\/VR.png 709w\" sizes=\"(max-width: 100vw) 350px, 350px\" data-loading=\"lazy\" alt=\"VR anvendes i projekt OPTIMIZE\"\n\t\t\t\t\t\t\talt=\"VR anvendes i projekt OPTIMIZE\" \/>\n\t\t\t\t\t\t<div class=\"project__backdrop\">\n\t\t\t\t\t\t\t<span class=\"project__tag\">\n\t\t\t\t\t\t\t\tRead more\n\t\t\t\t\t\t\t<\/span>\n\t\t\t\t\t\t<\/div>\n\t\t\t\t\t<\/div>\n\n\t\t\t\t\t<div class=\"project__container\">\n\t\t\t\t\t\t<span class=\"heading-4 project__title\">\n\t\t\t\t\t\t\tOPTIMIZE\n\t\t\t\t\t\t<\/span>\n\t\t\t\t\t\t\t\t\t\t\t\t<p class=\"project__excerpt\">\n\t\t\t\t\t\t\tIm Rahmen des Forschungs- und Innovationsprojekts OPTIMIZE werden zwei Technologien f\u00fcr das Gesundhe&#8230;\n\t\t\t\t\t\t<\/p>\n\t\t\t\t\t<\/div>\n\t\t\t\t<\/a>\n\t\t\t\t\t\t\t<a href=\"https:\/\/forskning.eu\/de\/projects\/innosleep\/\" class=\"project-archive__project\">\n\t\t\t\t\t<div class=\"project__thumbnail\">\n\t\t\t\t\t\t<img decoding=\"async\" src=\"https:\/\/forskning.eu\/wp-content\/themes\/oak-theme\/assets\/images\/placeholder.png\" data-src=\"https:\/\/forskning.eu\/wp-content\/uploads\/2023\/05\/Innosleep-300x169.png\" data-srcset=\"https:\/\/forskning.eu\/wp-content\/uploads\/2023\/05\/Innosleep-300x169.png 300w, https:\/\/forskning.eu\/wp-content\/uploads\/2023\/05\/Innosleep.png 740w\" sizes=\"(max-width: 100vw) 350px, 350px\" data-loading=\"lazy\" alt=\"C-pap maske anvendes i InnoSleep\"\n\t\t\t\t\t\t\talt=\"C-pap maske anvendes i InnoSleep\" \/>\n\t\t\t\t\t\t<div class=\"project__backdrop\">\n\t\t\t\t\t\t\t<span class=\"project__tag\">\n\t\t\t\t\t\t\t\tRead more\n\t\t\t\t\t\t\t<\/span>\n\t\t\t\t\t\t<\/div>\n\t\t\t\t\t<\/div>\n\n\t\t\t\t\t<div class=\"project__container\">\n\t\t\t\t\t\t<span class=\"heading-4 project__title\">\n\t\t\t\t\t\t\tInnoSleep\n\t\t\t\t\t\t<\/span>\n\t\t\t\t\t\t\t\t\t\t\t\t<p class=\"project__excerpt\">\n\t\t\t\t\t\t\tDas Projekt wird den gleichberechtigten Zugang zur richtigen Behandlung f\u00fcr Menschen mit Schlafapnoe&#8230;\n\t\t\t\t\t\t<\/p>\n\t\t\t\t\t<\/div>\n\t\t\t\t<\/a>\n\t\t\t\t\t<\/div>\n\t<\/div>\n\t\t\t\t\t<\/div>\n\t\t\t\t\t<\/div>\n\t<\/section>\n","protected":false},"excerpt":{"rendered":"","protected":false},"author":4,"featured_media":0,"parent":0,"menu_order":0,"comment_status":"closed","ping_status":"closed","template":"","meta":{"_acf_changed":false,"footnotes":""},"class_list":["post-1560","page","type-page","status-publish","hentry"],"acf":[],"_links":{"self":[{"href":"https:\/\/forskning.eu\/de\/wp-json\/wp\/v2\/pages\/1560","targetHints":{"allow":["GET"]}}],"collection":[{"href":"https:\/\/forskning.eu\/de\/wp-json\/wp\/v2\/pages"}],"about":[{"href":"https:\/\/forskning.eu\/de\/wp-json\/wp\/v2\/types\/page"}],"author":[{"embeddable":true,"href":"https:\/\/forskning.eu\/de\/wp-json\/wp\/v2\/users\/4"}],"replies":[{"embeddable":true,"href":"https:\/\/forskning.eu\/de\/wp-json\/wp\/v2\/comments?post=1560"}],"version-history":[{"count":1,"href":"https:\/\/forskning.eu\/de\/wp-json\/wp\/v2\/pages\/1560\/revisions"}],"predecessor-version":[{"id":1561,"href":"https:\/\/forskning.eu\/de\/wp-json\/wp\/v2\/pages\/1560\/revisions\/1561"}],"wp:attachment":[{"href":"https:\/\/forskning.eu\/de\/wp-json\/wp\/v2\/media?parent=1560"}],"curies":[{"name":"wp","href":"https:\/\/api.w.org\/{rel}","templated":true}]}}